{"id":13,"date":"2024-12-08T12:25:35","date_gmt":"2024-12-08T12:25:35","guid":{"rendered":"https:\/\/genesiscommunications.com.pr\/?page_id=13"},"modified":"2026-01-09T15:37:02","modified_gmt":"2026-01-09T15:37:02","slug":"services","status":"publish","type":"page","link":"https:\/\/genesiscommunications.com.pr\/en\/services\/","title":{"rendered":"Services"},"content":{"rendered":"<div data-elementor-type=\"wp-page\" data-elementor-id=\"13\" class=\"elementor elementor-13\" data-elementor-settings=\"{&quot;ha_cmc_init_switcher&quot;:&quot;no&quot;}\">\n\t\t\t\t<div class=\"elementor-element elementor-element-c3d0d55 e-flex e-con-boxed e-con e-parent\" data-id=\"c3d0d55\" data-element_type=\"container\" data-e-type=\"container\" data-settings=\"{&quot;background_background&quot;:&quot;classic&quot;,&quot;_ha_eqh_enable&quot;:false}\">\n\t\t\t\t\t<div class=\"e-con-inner\">\n\t\t\t\t<div class=\"elementor-element elementor-element-4ea6fd8 elementor-widget elementor-widget-heading\" data-id=\"4ea6fd8\" data-element_type=\"widget\" data-e-type=\"widget\" data-widget_type=\"heading.default\">\n\t\t\t\t\t<h1 class=\"elementor-heading-title elementor-size-default\">Our Services\n<\/h1>\t\t\t\t<\/div>\n\t\t<div class=\"elementor-element elementor-element-715a8aa e-grid e-con-full e-con e-child\" data-id=\"715a8aa\" data-element_type=\"container\" data-e-type=\"container\" data-settings=\"{&quot;_ha_eqh_enable&quot;:false}\">\n\t\t<div class=\"elementor-element elementor-element-9fafeea e-con-full e-flex e-con e-child\" data-id=\"9fafeea\" data-element_type=\"container\" data-e-type=\"container\" data-settings=\"{&quot;_ha_eqh_enable&quot;:false}\">\n\t\t\t\t<div class=\"elementor-element elementor-element-c92b2e5 elementor-widget elementor-widget-image\" data-id=\"c92b2e5\" data-element_type=\"widget\" data-e-type=\"widget\" data-widget_type=\"image.default\">\n\t\t\t\t\t\t\t\t\t\t\t\t\t\t\t<img decoding=\"async\" src=\"https:\/\/genesiscommunications.com.pr\/wp-content\/uploads\/2024\/12\/services-1.webp\" title=\"services-1\" alt=\"All Type of Aerial Work Including Optic Fiber and Coaxial Cable Installation\" loading=\"lazy\" \/>\t\t\t\t\t\t\t\t\t\t\t\t\t\t\t<\/div>\n\t\t\t\t<div class=\"elementor-element elementor-element-c5c0dd6 elementor-widget elementor-widget-heading\" data-id=\"c5c0dd6\" data-element_type=\"widget\" data-e-type=\"widget\" data-widget_type=\"heading.default\">\n\t\t\t\t\t<h4 class=\"elementor-heading-title elementor-size-default\">All Type of Aerial Work Including Optic Fiber and Coaxial Cable Installation\n<\/h4>\t\t\t\t<\/div>\n\t\t\t\t<\/div>\n\t\t<div class=\"elementor-element elementor-element-27262fa e-con-full e-flex e-con e-child\" data-id=\"27262fa\" data-element_type=\"container\" data-e-type=\"container\" data-settings=\"{&quot;_ha_eqh_enable&quot;:false}\">\n\t\t\t\t<div class=\"elementor-element elementor-element-88e17c7 elementor-widget elementor-widget-image\" data-id=\"88e17c7\" data-element_type=\"widget\" data-e-type=\"widget\" data-widget_type=\"image.default\">\n\t\t\t\t\t\t\t\t\t\t\t\t\t\t\t<img decoding=\"async\" src=\"https:\/\/genesiscommunications.com.pr\/wp-content\/uploads\/2024\/12\/services-2.webp\" title=\"services-2\" alt=\"Outside Plant Fiber &amp; Coax Splicing Certifications and Activation\" loading=\"lazy\" \/>\t\t\t\t\t\t\t\t\t\t\t\t\t\t\t<\/div>\n\t\t\t\t<div class=\"elementor-element elementor-element-e7db509 elementor-widget elementor-widget-heading\" data-id=\"e7db509\" data-element_type=\"widget\" data-e-type=\"widget\" data-widget_type=\"heading.default\">\n\t\t\t\t\t<h4 class=\"elementor-heading-title elementor-size-default\">Outside Plant Fiber &amp; Coax Splicing Certifications and Activation<\/h4>\t\t\t\t<\/div>\n\t\t\t\t<\/div>\n\t\t<div class=\"elementor-element elementor-element-0ce0234 e-con-full e-flex e-con e-child\" data-id=\"0ce0234\" data-element_type=\"container\" data-e-type=\"container\" data-settings=\"{&quot;_ha_eqh_enable&quot;:false}\">\n\t\t\t\t<div class=\"elementor-element elementor-element-df69733 elementor-widget elementor-widget-image\" data-id=\"df69733\" data-element_type=\"widget\" data-e-type=\"widget\" data-widget_type=\"image.default\">\n\t\t\t\t\t\t\t\t\t\t\t\t\t\t\t<img decoding=\"async\" src=\"https:\/\/genesiscommunications.com.pr\/wp-content\/uploads\/2024\/12\/services-3.webp\" title=\"services-3\" alt=\"Pole Installation and Removal\" loading=\"lazy\" \/>\t\t\t\t\t\t\t\t\t\t\t\t\t\t\t<\/div>\n\t\t\t\t<div class=\"elementor-element elementor-element-754ba14 elementor-widget elementor-widget-heading\" data-id=\"754ba14\" data-element_type=\"widget\" data-e-type=\"widget\" data-widget_type=\"heading.default\">\n\t\t\t\t\t<h4 class=\"elementor-heading-title elementor-size-default\">Pole Installation and Removal<\/h4>\t\t\t\t<\/div>\n\t\t\t\t<\/div>\n\t\t<div class=\"elementor-element elementor-element-7e21f93 e-con-full e-flex e-con e-child\" data-id=\"7e21f93\" data-element_type=\"container\" data-e-type=\"container\" data-settings=\"{&quot;_ha_eqh_enable&quot;:false}\">\n\t\t\t\t<div class=\"elementor-element elementor-element-c4156c5 elementor-widget elementor-widget-image\" data-id=\"c4156c5\" data-element_type=\"widget\" data-e-type=\"widget\" data-widget_type=\"image.default\">\n\t\t\t\t\t\t\t\t\t\t\t\t\t\t\t<img decoding=\"async\" src=\"https:\/\/genesiscommunications.com.pr\/wp-content\/uploads\/2024\/12\/services-4.webp\" title=\"services-4\" alt=\"Maintenance, Troubleshooting, Upgrades and Among other Repairs\" loading=\"lazy\" \/>\t\t\t\t\t\t\t\t\t\t\t\t\t\t\t<\/div>\n\t\t\t\t<div class=\"elementor-element elementor-element-2f0abf2 elementor-widget elementor-widget-heading\" data-id=\"2f0abf2\" data-element_type=\"widget\" data-e-type=\"widget\" data-widget_type=\"heading.default\">\n\t\t\t\t\t<h4 class=\"elementor-heading-title elementor-size-default\">Maintenance, Troubleshooting, Upgrades and Among other Repairs<\/h4>\t\t\t\t<\/div>\n\t\t\t\t<\/div>\n\t\t<div class=\"elementor-element elementor-element-428d88d e-con-full e-flex e-con e-child\" data-id=\"428d88d\" data-element_type=\"container\" data-e-type=\"container\" data-settings=\"{&quot;_ha_eqh_enable&quot;:false}\">\n\t\t\t\t<div class=\"elementor-element elementor-element-2aaeb61 elementor-widget elementor-widget-image\" data-id=\"2aaeb61\" data-element_type=\"widget\" data-e-type=\"widget\" data-widget_type=\"image.default\">\n\t\t\t\t\t\t\t\t\t\t\t\t\t\t\t<img decoding=\"async\" src=\"https:\/\/genesiscommunications.com.pr\/wp-content\/uploads\/2024\/12\/services-5.webp\" title=\"services-5\" alt=\"Gigabit Passive Optical Network Design\" loading=\"lazy\" \/>\t\t\t\t\t\t\t\t\t\t\t\t\t\t\t<\/div>\n\t\t\t\t<div class=\"elementor-element elementor-element-34fb38b elementor-widget elementor-widget-heading\" data-id=\"34fb38b\" data-element_type=\"widget\" data-e-type=\"widget\" data-widget_type=\"heading.default\">\n\t\t\t\t\t<h4 class=\"elementor-heading-title elementor-size-default\">Gigabit Passive Optical Network Design<\/h4>\t\t\t\t<\/div>\n\t\t\t\t<\/div>\n\t\t<div class=\"elementor-element elementor-element-a925e31 e-con-full e-flex e-con e-child\" data-id=\"a925e31\" data-element_type=\"container\" data-e-type=\"container\" data-settings=\"{&quot;_ha_eqh_enable&quot;:false}\">\n\t\t\t\t<div class=\"elementor-element elementor-element-413f8f6 elementor-widget elementor-widget-image\" data-id=\"413f8f6\" data-element_type=\"widget\" data-e-type=\"widget\" data-widget_type=\"image.default\">\n\t\t\t\t\t\t\t\t\t\t\t\t\t\t\t<img decoding=\"async\" src=\"https:\/\/genesiscommunications.com.pr\/wp-content\/uploads\/2024\/12\/services-6.webp\" title=\"services-6\" alt=\"Data Collection &amp; Field Survey Design\" loading=\"lazy\" \/>\t\t\t\t\t\t\t\t\t\t\t\t\t\t\t<\/div>\n\t\t\t\t<div class=\"elementor-element elementor-element-e127081 elementor-widget elementor-widget-heading\" data-id=\"e127081\" data-element_type=\"widget\" data-e-type=\"widget\" data-widget_type=\"heading.default\">\n\t\t\t\t\t<h4 class=\"elementor-heading-title elementor-size-default\">Data Collection &amp; Field Survey Design<\/h4>\t\t\t\t<\/div>\n\t\t\t\t<\/div>\n\t\t<div class=\"elementor-element elementor-element-c8af601 e-con-full e-flex e-con e-child\" data-id=\"c8af601\" data-element_type=\"container\" data-e-type=\"container\" data-settings=\"{&quot;_ha_eqh_enable&quot;:false}\">\n\t\t\t\t<div class=\"elementor-element elementor-element-a92b7da elementor-widget elementor-widget-image\" data-id=\"a92b7da\" data-element_type=\"widget\" data-e-type=\"widget\" data-widget_type=\"image.default\">\n\t\t\t\t\t\t\t\t\t\t\t\t\t\t\t<img decoding=\"async\" src=\"https:\/\/genesiscommunications.com.pr\/wp-content\/uploads\/2024\/12\/services-7.webp\" title=\"services-7\" alt=\"Technical Consultancy\" loading=\"lazy\" \/>\t\t\t\t\t\t\t\t\t\t\t\t\t\t\t<\/div>\n\t\t\t\t<div class=\"elementor-element elementor-element-5c0afe7 elementor-widget elementor-widget-heading\" data-id=\"5c0afe7\" data-element_type=\"widget\" data-e-type=\"widget\" data-widget_type=\"heading.default\">\n\t\t\t\t\t<h4 class=\"elementor-heading-title elementor-size-default\">Technical Consultancy<\/h4>\t\t\t\t<\/div>\n\t\t\t\t<\/div>\n\t\t<div class=\"elementor-element elementor-element-939c5ad e-con-full e-flex e-con e-child\" data-id=\"939c5ad\" data-element_type=\"container\" data-e-type=\"container\" data-settings=\"{&quot;_ha_eqh_enable&quot;:false}\">\n\t\t\t\t<div class=\"elementor-element elementor-element-2e9f43e elementor-widget elementor-widget-image\" data-id=\"2e9f43e\" data-element_type=\"widget\" data-e-type=\"widget\" data-widget_type=\"image.default\">\n\t\t\t\t\t\t\t\t\t\t\t\t\t\t\t<img decoding=\"async\" src=\"https:\/\/genesiscommunications.com.pr\/wp-content\/uploads\/2024\/12\/services-8.webp\" title=\"services-8\" alt=\"General Constructions\" loading=\"lazy\" \/>\t\t\t\t\t\t\t\t\t\t\t\t\t\t\t<\/div>\n\t\t\t\t<div class=\"elementor-element elementor-element-ba37c80 elementor-widget elementor-widget-heading\" data-id=\"ba37c80\" data-element_type=\"widget\" data-e-type=\"widget\" data-widget_type=\"heading.default\">\n\t\t\t\t\t<h4 class=\"elementor-heading-title elementor-size-default\">General Constructions<\/h4>\t\t\t\t<\/div>\n\t\t\t\t<\/div>\n\t\t\t\t<\/div>\n\t\t\t\t\t<\/div>\n\t\t\t\t<\/div>\n\t\t<div class=\"elementor-element elementor-element-8719ccc e-flex e-con-boxed e-con e-parent\" data-id=\"8719ccc\" data-element_type=\"container\" data-e-type=\"container\" data-settings=\"{&quot;background_background&quot;:&quot;classic&quot;,&quot;_ha_eqh_enable&quot;:false}\">\n\t\t\t\t\t<div class=\"e-con-inner\">\n\t\t\t\t<div class=\"elementor-element elementor-element-035cad2 elementor-widget elementor-widget-heading\" data-id=\"035cad2\" data-element_type=\"widget\" data-e-type=\"widget\" data-widget_type=\"heading.default\">\n\t\t\t\t\t<h2 class=\"elementor-heading-title elementor-size-default\">Fiber Optics Installation\n<\/h2>\t\t\t\t<\/div>\n\t\t\t\t\t<\/div>\n\t\t\t\t<\/div>\n\t\t<div class=\"elementor-element elementor-element-e49b674 e-flex e-con-boxed e-con e-parent\" data-id=\"e49b674\" data-element_type=\"container\" data-e-type=\"container\" data-settings=\"{&quot;background_background&quot;:&quot;classic&quot;,&quot;_ha_eqh_enable&quot;:false}\">\n\t\t\t\t\t<div class=\"e-con-inner\">\n\t\t\t\t<div class=\"elementor-element elementor-element-1adf7c9 elementor-widget elementor-widget-heading\" data-id=\"1adf7c9\" data-element_type=\"widget\" data-e-type=\"widget\" data-widget_type=\"heading.default\">\n\t\t\t\t\t<h1 class=\"elementor-heading-title elementor-size-default\"> Our Certifications\n<\/h1>\t\t\t\t<\/div>\n\t\t<div class=\"elementor-element elementor-element-45d8d9d e-grid e-con-full e-con e-child\" data-id=\"45d8d9d\" data-element_type=\"container\" data-e-type=\"container\" data-settings=\"{&quot;_ha_eqh_enable&quot;:false}\">\n\t\t\t\t<div class=\"elementor-element elementor-element-7a9d13f elementor-widget elementor-widget-image\" data-id=\"7a9d13f\" data-element_type=\"widget\" data-e-type=\"widget\" data-widget_type=\"image.default\">\n\t\t\t\t\t\t\t\t\t\t\t\t\t\t\t<img decoding=\"async\" src=\"https:\/\/genesiscommunications.com.pr\/wp-content\/uploads\/2024\/12\/certifications-1.webp\" title=\"certifications-1\" alt=\"SBA Hubzone Certified\" loading=\"lazy\" \/>\t\t\t\t\t\t\t\t\t\t\t\t\t\t\t<\/div>\n\t\t\t\t<div class=\"elementor-element elementor-element-708e0fc elementor-widget elementor-widget-image\" data-id=\"708e0fc\" data-element_type=\"widget\" data-e-type=\"widget\" data-widget_type=\"image.default\">\n\t\t\t\t\t\t\t\t\t\t\t\t\t\t\t<img decoding=\"async\" src=\"https:\/\/genesiscommunications.com.pr\/wp-content\/uploads\/2024\/12\/certifications-2.webp\" title=\"certifications-2\" alt=\"PMP Certified\" loading=\"lazy\" \/>\t\t\t\t\t\t\t\t\t\t\t\t\t\t\t<\/div>\n\t\t\t\t<div class=\"elementor-element elementor-element-2a52428 elementor-widget elementor-widget-image\" data-id=\"2a52428\" data-element_type=\"widget\" data-e-type=\"widget\" data-widget_type=\"image.default\">\n\t\t\t\t\t\t\t\t\t\t\t\t\t\t\t<img decoding=\"async\" src=\"https:\/\/genesiscommunications.com.pr\/wp-content\/uploads\/2024\/12\/certifications-3.webp\" title=\"certifications-3\" alt=\"EPA Lead-Safe certified firm\" loading=\"lazy\" \/>\t\t\t\t\t\t\t\t\t\t\t\t\t\t\t<\/div>\n\t\t\t\t<div class=\"elementor-element elementor-element-815724d elementor-widget elementor-widget-image\" data-id=\"815724d\" data-element_type=\"widget\" data-e-type=\"widget\" data-widget_type=\"image.default\">\n\t\t\t\t\t\t\t\t\t\t\t\t\t\t\t<img decoding=\"async\" src=\"https:\/\/genesiscommunications.com.pr\/wp-content\/uploads\/2024\/12\/certifications-4.webp\" title=\"certifications-4\" alt=\"Osha\" loading=\"lazy\" \/>\t\t\t\t\t\t\t\t\t\t\t\t\t\t\t<\/div>\n\t\t\t\t<div class=\"elementor-element elementor-element-a6e296a elementor-widget elementor-widget-image\" data-id=\"a6e296a\" data-element_type=\"widget\" data-e-type=\"widget\" data-widget_type=\"image.default\">\n\t\t\t\t\t\t\t\t\t\t\t\t\t\t\t<img decoding=\"async\" src=\"https:\/\/genesiscommunications.com.pr\/wp-content\/uploads\/2024\/12\/certifications-5.webp\" title=\"certifications-5\" alt=\"ETA Certified\" loading=\"lazy\" \/>\t\t\t\t\t\t\t\t\t\t\t\t\t\t\t<\/div>\n\t\t\t\t<\/div>\n\t\t\t\t\t<\/div>\n\t\t\t\t<\/div>\n\t\t<div class=\"elementor-element elementor-element-bddd0de e-flex e-con-boxed e-con e-parent\" data-id=\"bddd0de\" data-element_type=\"container\" data-e-type=\"container\" data-settings=\"{&quot;_ha_eqh_enable&quot;:false}\">\n\t\t\t\t\t<div class=\"e-con-inner\">\n\t\t\t\t<div class=\"elementor-element elementor-element-412ade8 elementor-widget elementor-widget-heading\" data-id=\"412ade8\" data-element_type=\"widget\" data-e-type=\"widget\" data-widget_type=\"heading.default\">\n\t\t\t\t\t<h1 class=\"elementor-heading-title elementor-size-default\">Our Clients\n<\/h1>\t\t\t\t<\/div>\n\t\t\t\t<div class=\"elementor-element elementor-element-87e3c3f elementor-widget elementor-widget-image\" data-id=\"87e3c3f\" data-element_type=\"widget\" data-e-type=\"widget\" data-widget_type=\"image.default\">\n\t\t\t\t\t\t\t\t\t\t\t\t\t\t\t<img fetchpriority=\"high\" decoding=\"async\" width=\"800\" height=\"255\" src=\"https:\/\/genesiscommunications.com.pr\/wp-content\/uploads\/2024\/12\/clients-1024x326.webp\" class=\"attachment-large size-large wp-image-387\" alt=\"Clients\" srcset=\"https:\/\/genesiscommunications.com.pr\/wp-content\/uploads\/2024\/12\/clients-1024x326.webp 1024w, https:\/\/genesiscommunications.com.pr\/wp-content\/uploads\/2024\/12\/clients-300x95.webp 300w, https:\/\/genesiscommunications.com.pr\/wp-content\/uploads\/2024\/12\/clients-768x244.webp 768w, https:\/\/genesiscommunications.com.pr\/wp-content\/uploads\/2024\/12\/clients.webp 1500w\" sizes=\"(max-width: 800px) 100vw, 800px\" \/>\t\t\t\t\t\t\t\t\t\t\t\t\t\t\t<\/div>\n\t\t\t\t\t<\/div>\n\t\t\t\t<\/div>\n\t\t\t\t<\/div>","protected":false},"excerpt":{"rendered":"<p>Nuestros servicios Todo tipo de trabajos a\u00e9reos, incluyendo la instalaci\u00f3n de fibra \u00f3ptica y cable coaxial Certificaciones y activaci\u00f3n de empalmes de fibra y coaxial en plantas exteriores Instalaci\u00f3n y retirada de postes Mantenimiento, resoluci\u00f3n de problemas, actualizaciones y otras reparaciones Dise\u00f1o de redes \u00f3pticas pasivas Gigabit Recopilaci\u00f3n de datos y dise\u00f1o de estudios de [&hellip;]<\/p>","protected":false},"author":1,"featured_media":0,"parent":0,"menu_order":0,"comment_status":"closed","ping_status":"closed","template":"elementor_header_footer","meta":{"_joinchat":[],"footnotes":""},"class_list":["post-13","page","type-page","status-publish","hentry"],"yoast_head":"<!-- This site is optimized with the Yoast SEO plugin v24.8 - https:\/\/yoast.com\/wordpress\/plugins\/seo\/ -->\n<title>Genesis Communications | Bridging gap between Business and Technology<\/title>\n<meta name=\"description\" content=\"Small Business certified company headquartered in Puerto Rico West for more than 20 years. Our Company has provided different types of services within the field of construction.\" \/>\n<meta name=\"robots\" content=\"index, follow, max-snippet:-1, max-image-preview:large, max-video-preview:-1\" \/>\n<link rel=\"canonical\" href=\"https:\/\/genesiscommunications.com.pr\/en\/services\/\" \/>\n<meta property=\"og:locale\" content=\"en_US\" \/>\n<meta property=\"og:type\" content=\"article\" \/>\n<meta property=\"og:title\" content=\"Genesis Communications | Bridging gap between Business and Technology\" \/>\n<meta property=\"og:description\" content=\"Small Business certified company headquartered in Puerto Rico West for more than 20 years. Our Company has provided different types of services within the field of construction.\" \/>\n<meta property=\"og:url\" content=\"https:\/\/genesiscommunications.com.pr\/en\/services\/\" \/>\n<meta property=\"og:site_name\" content=\"Genesis Communications\" \/>\n<meta property=\"article:modified_time\" content=\"2026-01-09T15:37:02+00:00\" \/>\n<meta property=\"og:image\" content=\"https:\/\/genesiscommunications.com.pr\/wp-content\/uploads\/2024\/12\/services-1.webp\" \/>\n<meta name=\"twitter:card\" content=\"summary_large_image\" \/>\n<meta name=\"twitter:label1\" content=\"Est. reading time\" \/>\n\t<meta name=\"twitter:data1\" content=\"1 minute\" \/>\n<script type=\"application\/ld+json\" class=\"yoast-schema-graph\">{\"@context\":\"https:\/\/schema.org\",\"@graph\":[{\"@type\":\"WebPage\",\"@id\":\"https:\/\/genesiscommunications.com.pr\/services\/\",\"url\":\"https:\/\/genesiscommunications.com.pr\/services\/\",\"name\":\"Genesis Communications | Bridging gap between Business and Technology\",\"isPartOf\":{\"@id\":\"https:\/\/genesiscommunications.com.pr\/#website\"},\"primaryImageOfPage\":{\"@id\":\"https:\/\/genesiscommunications.com.pr\/services\/#primaryimage\"},\"image\":{\"@id\":\"https:\/\/genesiscommunications.com.pr\/services\/#primaryimage\"},\"thumbnailUrl\":\"https:\/\/genesiscommunications.com.pr\/wp-content\/uploads\/2024\/12\/services-1.webp\",\"datePublished\":\"2024-12-08T12:25:35+00:00\",\"dateModified\":\"2026-01-09T15:37:02+00:00\",\"description\":\"Small Business certified company headquartered in Puerto Rico West for more than 20 years. Our Company has provided different types of services within the field of construction.\",\"breadcrumb\":{\"@id\":\"https:\/\/genesiscommunications.com.pr\/services\/#breadcrumb\"},\"inLanguage\":\"en-US\",\"potentialAction\":[{\"@type\":\"ReadAction\",\"target\":[\"https:\/\/genesiscommunications.com.pr\/services\/\"]}]},{\"@type\":\"ImageObject\",\"inLanguage\":\"en-US\",\"@id\":\"https:\/\/genesiscommunications.com.pr\/services\/#primaryimage\",\"url\":\"https:\/\/genesiscommunications.com.pr\/wp-content\/uploads\/2024\/12\/services-1.webp\",\"contentUrl\":\"https:\/\/genesiscommunications.com.pr\/wp-content\/uploads\/2024\/12\/services-1.webp\"},{\"@type\":\"BreadcrumbList\",\"@id\":\"https:\/\/genesiscommunications.com.pr\/services\/#breadcrumb\",\"itemListElement\":[{\"@type\":\"ListItem\",\"position\":1,\"name\":\"Home\",\"item\":\"https:\/\/genesiscommunications.com.pr\/\"},{\"@type\":\"ListItem\",\"position\":2,\"name\":\"Services\"}]},{\"@type\":\"WebSite\",\"@id\":\"https:\/\/genesiscommunications.com.pr\/#website\",\"url\":\"https:\/\/genesiscommunications.com.pr\/\",\"name\":\"Genesis Communications\",\"description\":\"Bridging gap between Business and Technology\",\"publisher\":{\"@id\":\"https:\/\/genesiscommunications.com.pr\/#organization\"},\"alternateName\":\"Genesis Communications\",\"potentialAction\":[{\"@type\":\"SearchAction\",\"target\":{\"@type\":\"EntryPoint\",\"urlTemplate\":\"https:\/\/genesiscommunications.com.pr\/?s={search_term_string}\"},\"query-input\":{\"@type\":\"PropertyValueSpecification\",\"valueRequired\":true,\"valueName\":\"search_term_string\"}}],\"inLanguage\":\"en-US\"},{\"@type\":\"Organization\",\"@id\":\"https:\/\/genesiscommunications.com.pr\/#organization\",\"name\":\"Genesis Communications\",\"url\":\"https:\/\/genesiscommunications.com.pr\/\",\"logo\":{\"@type\":\"ImageObject\",\"inLanguage\":\"en-US\",\"@id\":\"https:\/\/genesiscommunications.com.pr\/#\/schema\/logo\/image\/\",\"url\":\"https:\/\/genesiscommunications.com.pr\/wp-content\/uploads\/2024\/12\/genesis-communication-logo.png\",\"contentUrl\":\"https:\/\/genesiscommunications.com.pr\/wp-content\/uploads\/2024\/12\/genesis-communication-logo.png\",\"width\":1326,\"height\":662,\"caption\":\"Genesis Communications\"},\"image\":{\"@id\":\"https:\/\/genesiscommunications.com.pr\/#\/schema\/logo\/image\/\"}}]}<\/script>\n<!-- \/ Yoast SEO plugin. -->","yoast_head_json":{"title":"Genesis Communications | Bridging gap between Business and Technology","description":"Small Business certified company headquartered in Puerto Rico West for more than 20 years. Our Company has provided different types of services within the field of construction.","robots":{"index":"index","follow":"follow","max-snippet":"max-snippet:-1","max-image-preview":"max-image-preview:large","max-video-preview":"max-video-preview:-1"},"canonical":"https:\/\/genesiscommunications.com.pr\/en\/services\/","og_locale":"en_US","og_type":"article","og_title":"Genesis Communications | Bridging gap between Business and Technology","og_description":"Small Business certified company headquartered in Puerto Rico West for more than 20 years. Our Company has provided different types of services within the field of construction.","og_url":"https:\/\/genesiscommunications.com.pr\/en\/services\/","og_site_name":"Genesis Communications","article_modified_time":"2026-01-09T15:37:02+00:00","og_image":[{"url":"https:\/\/genesiscommunications.com.pr\/wp-content\/uploads\/2024\/12\/services-1.webp","type":"","width":"","height":""}],"twitter_card":"summary_large_image","twitter_misc":{"Est. reading time":"1 minute"},"schema":{"@context":"https:\/\/schema.org","@graph":[{"@type":"WebPage","@id":"https:\/\/genesiscommunications.com.pr\/services\/","url":"https:\/\/genesiscommunications.com.pr\/services\/","name":"Genesis Communications | Bridging gap between Business and Technology","isPartOf":{"@id":"https:\/\/genesiscommunications.com.pr\/#website"},"primaryImageOfPage":{"@id":"https:\/\/genesiscommunications.com.pr\/services\/#primaryimage"},"image":{"@id":"https:\/\/genesiscommunications.com.pr\/services\/#primaryimage"},"thumbnailUrl":"https:\/\/genesiscommunications.com.pr\/wp-content\/uploads\/2024\/12\/services-1.webp","datePublished":"2024-12-08T12:25:35+00:00","dateModified":"2026-01-09T15:37:02+00:00","description":"Small Business certified company headquartered in Puerto Rico West for more than 20 years. Our Company has provided different types of services within the field of construction.","breadcrumb":{"@id":"https:\/\/genesiscommunications.com.pr\/services\/#breadcrumb"},"inLanguage":"en-US","potentialAction":[{"@type":"ReadAction","target":["https:\/\/genesiscommunications.com.pr\/services\/"]}]},{"@type":"ImageObject","inLanguage":"en-US","@id":"https:\/\/genesiscommunications.com.pr\/services\/#primaryimage","url":"https:\/\/genesiscommunications.com.pr\/wp-content\/uploads\/2024\/12\/services-1.webp","contentUrl":"https:\/\/genesiscommunications.com.pr\/wp-content\/uploads\/2024\/12\/services-1.webp"},{"@type":"BreadcrumbList","@id":"https:\/\/genesiscommunications.com.pr\/services\/#breadcrumb","itemListElement":[{"@type":"ListItem","position":1,"name":"Home","item":"https:\/\/genesiscommunications.com.pr\/"},{"@type":"ListItem","position":2,"name":"Services"}]},{"@type":"WebSite","@id":"https:\/\/genesiscommunications.com.pr\/#website","url":"https:\/\/genesiscommunications.com.pr\/","name":"Genesis Communications","description":"Bridging gap between Business and Technology","publisher":{"@id":"https:\/\/genesiscommunications.com.pr\/#organization"},"alternateName":"Genesis Communications","potentialAction":[{"@type":"SearchAction","target":{"@type":"EntryPoint","urlTemplate":"https:\/\/genesiscommunications.com.pr\/?s={search_term_string}"},"query-input":{"@type":"PropertyValueSpecification","valueRequired":true,"valueName":"search_term_string"}}],"inLanguage":"en-US"},{"@type":"Organization","@id":"https:\/\/genesiscommunications.com.pr\/#organization","name":"Genesis Communications","url":"https:\/\/genesiscommunications.com.pr\/","logo":{"@type":"ImageObject","inLanguage":"en-US","@id":"https:\/\/genesiscommunications.com.pr\/#\/schema\/logo\/image\/","url":"https:\/\/genesiscommunications.com.pr\/wp-content\/uploads\/2024\/12\/genesis-communication-logo.png","contentUrl":"https:\/\/genesiscommunications.com.pr\/wp-content\/uploads\/2024\/12\/genesis-communication-logo.png","width":1326,"height":662,"caption":"Genesis Communications"},"image":{"@id":"https:\/\/genesiscommunications.com.pr\/#\/schema\/logo\/image\/"}}]}},"_links":{"self":[{"href":"https:\/\/genesiscommunications.com.pr\/en\/wp-json\/wp\/v2\/pages\/13","targetHints":{"allow":["GET"]}}],"collection":[{"href":"https:\/\/genesiscommunications.com.pr\/en\/wp-json\/wp\/v2\/pages"}],"about":[{"href":"https:\/\/genesiscommunications.com.pr\/en\/wp-json\/wp\/v2\/types\/page"}],"author":[{"embeddable":true,"href":"https:\/\/genesiscommunications.com.pr\/en\/wp-json\/wp\/v2\/users\/1"}],"replies":[{"embeddable":true,"href":"https:\/\/genesiscommunications.com.pr\/en\/wp-json\/wp\/v2\/comments?post=13"}],"version-history":[{"count":82,"href":"https:\/\/genesiscommunications.com.pr\/en\/wp-json\/wp\/v2\/pages\/13\/revisions"}],"predecessor-version":[{"id":799,"href":"https:\/\/genesiscommunications.com.pr\/en\/wp-json\/wp\/v2\/pages\/13\/revisions\/799"}],"wp:attachment":[{"href":"https:\/\/genesiscommunications.com.pr\/en\/wp-json\/wp\/v2\/media?parent=13"}],"curies":[{"name":"wp","href":"https:\/\/api.w.org\/{rel}","templated":true}]}}